{"id":846,"date":"2015-02-18T16:43:45","date_gmt":"2015-02-18T16:43:45","guid":{"rendered":"http:\/\/www.cocul.it\/ristorante-3\/"},"modified":"2015-04-01T15:40:01","modified_gmt":"2015-04-01T15:40:01","slug":"restaurant","status":"publish","type":"page","link":"https:\/\/www.cocul.it\/de\/restaurant\/","title":{"rendered":"Restaurant"},"content":{"rendered":"<p><a href=\"http:\/\/www.cocul.it\/wp-content\/uploads\/2015\/02\/ristorante_testata_cocul.jpg\"><img loading=\"lazy\" class=\"alignnone size-full wp-image-1110\" src=\"http:\/\/www.cocul.it\/wp-content\/uploads\/2015\/02\/ristorante_testata_cocul.jpg\" alt=\"ristorante_testata_cocul\" width=\"1224\" height=\"415\" srcset=\"https:\/\/www.cocul.it\/wp-content\/uploads\/2015\/02\/ristorante_testata_cocul.jpg 1224w, https:\/\/www.cocul.it\/wp-content\/uploads\/2015\/02\/ristorante_testata_cocul-300x102.jpg 300w, https:\/\/www.cocul.it\/wp-content\/uploads\/2015\/02\/ristorante_testata_cocul-1024x347.jpg 1024w\" sizes=\"(max-width: 1224px) 100vw, 1224px\" \/><\/a><\/p>\n<p>An das Hotel angeschlossen ist das <strong>Restaurant Cocul<\/strong>, auch direkt an der Skipiste gelegen, das bis maximal 100 Personen Platz bietet. Der ideale Ort f\u00fcr eine andere Verpflegung als das klassische Sandwich auf die Schnelle, (das Sie in unserem Kiosk im Freien genie\u00dfen k\u00f6nnen), wo auch lokale Spezialit\u00e4ten aus Karnien mit einem Men\u00fc &#8220;\u00e0 la carte&#8221; serviert werden. Im Restaurant wird das Abendessen f\u00fcr G\u00e4ste mit Halbpension serviert.<\/p>\n<p><img loading=\"lazy\" class=\"alignleft wp-image-651 size-full\" src=\"http:\/\/www.cocul.it\/wp-content\/uploads\/2015\/02\/ristorante_2-e1424509116551.jpg\" alt=\"\" width=\"250\" height=\"250\" \/> In unserer Speisekarte k\u00f6nnen Sie die <strong>typischen lokalen Gerichte aus Karnien<\/strong> mit wohlschmeckenden und gehaltvollen Zutaten finden, wie die &#8220;cjarsons&#8221;, &#8220;orzotto con radik di mont&#8221;, Polenta und Frico, Wild, Pilze, K\u00e4se und Salami der Gegend, die alle von ausgezeichneten Weinen aus dem Friaul begleitet werden k\u00f6nnen.<br \/>\nUm auch die <strong>traditionellsten Geschmacksrichtungen und die der Kinder zufrieden zustellen<\/strong>, die wir stets ber\u00fccksichtigen, finden sich in unsere Speisekarte auch die klassischen Gerichte der italienischen K\u00fcche. Im Restaurant Cocul k\u00f6nnen wichtige Ereignisse, wie Geburtstage, Jubil\u00e4en, klassische Abendessen mit Freunden einmal auf eine andere Art gefeiert werden oder man entscheidet sich dazu bei einem fantastischen Abendessen mit mehreren G\u00e4ngen bei uns Sylvester zu verbringen.<br \/>\nAlso z\u00f6gern Sie nicht, rufen Sie uns an und buchen. Wir freuen uns, Sie bei uns als G\u00e4ste begr\u00fc\u00dfen zu d\u00fcrfen und begleiten Sie gerne, um unsere Gegend und die typischen Geschm\u00e4cker, D\u00fcfte und Aromen kennenzulernen.<\/p>\n<p>&nbsp;<\/p>\n\r\n\t\t<style type='text\/css'>\r\n\t\t\t#gallery-1 {\r\n\t\t\t\tmargin: auto;\r\n\t\t\t}\r\n\t\t\t#gallery-1 .gallery-item {\r\n\t\t\t\tfloat: left;\r\n\t\t\t\tmargin-top: 10px;\r\n\t\t\t\ttext-align: center;\r\n\t\t\t\twidth: 25%;\r\n\t\t\t}\r\n\t\t\t#gallery-1 img {\r\n\t\t\t\tborder: 2px solid #cfcfcf;\r\n\t\t\t}\r\n\t\t\t#gallery-1 .gallery-caption {\r\n\t\t\t\tmargin-left: 0;\r\n\t\t\t}\r\n\t\t<\/style>\r\n\t\t<!-- see gallery_shortcode() in wp-includes\/media.php -->\n\t\t<div id='gallery-1' class='gallery galleryid-846 gallery-columns-4 gallery-size-medium gallery1'><script type=\"text\/javascript\">\r\n\/\/ <![CDATA[\r\n\tjQuery(document).ready(function () {\r\n\t\tjQuery(\".gallery1 a\").attr(\"rel\",\"gallery1\");\t\r\n\t\tjQuery('a[rel=\"gallery1\"]').colorbox({maxWidth:\"95%\", maxHeight:\"95%\",title: function(){ return jQuery(this).children().attr(\"alt\"); }});\r\n\t});\r\n\/\/ ]]>\r\n<\/script>\n<dl class=\"gallery-item\">\n<dt class=\"gallery-icon\">\r\n<a href=\"https:\/\/www.cocul.it\/wp-content\/uploads\/2015\/02\/ristorante_cocul_11.jpg\" title=\"\" rel=\"gallery1\"><img src=\"https:\/\/www.cocul.it\/wp-content\/uploads\/2015\/02\/ristorante_cocul_11-300x199.jpg\" width=\"300\" height=\"199\" alt=\"\" \/><\/a>\r\n<\/dt><\/dl><dl class=\"gallery-item\">\n<dt class=\"gallery-icon\">\r\n<a href=\"https:\/\/www.cocul.it\/wp-content\/uploads\/2015\/02\/ristorante_cocul_21.jpg\" title=\"\" rel=\"gallery1\"><img src=\"https:\/\/www.cocul.it\/wp-content\/uploads\/2015\/02\/ristorante_cocul_21-300x199.jpg\" width=\"300\" height=\"199\" alt=\"\" \/><\/a>\r\n<\/dt><\/dl><dl class=\"gallery-item\">\n<dt class=\"gallery-icon\">\r\n<a href=\"https:\/\/www.cocul.it\/wp-content\/uploads\/2015\/02\/ristorante_cocul_31.jpg\" title=\"\" rel=\"gallery1\"><img src=\"https:\/\/www.cocul.it\/wp-content\/uploads\/2015\/02\/ristorante_cocul_31-300x199.jpg\" width=\"300\" height=\"199\" alt=\"\" \/><\/a>\r\n<\/dt><\/dl><dl class=\"gallery-item\">\n<dt class=\"gallery-icon\">\r\n<a href=\"https:\/\/www.cocul.it\/wp-content\/uploads\/2015\/02\/ristorante_cocul_41.jpg\" title=\"\" rel=\"gallery1\"><img src=\"https:\/\/www.cocul.it\/wp-content\/uploads\/2015\/02\/ristorante_cocul_41-300x199.jpg\" width=\"300\" height=\"199\" alt=\"\" \/><\/a>\r\n<\/dt><\/dl><br style=\"clear: both\" \/>\r\n\t\t<\/div>\n\n","protected":false},"excerpt":{"rendered":"<p>An das Hotel angeschlossen ist das Restaurant Cocul, auch direkt an der Skipiste gelegen, das bis maximal 100 Personen Platz bietet. Der ideale Ort f\u00fcr eine andere Verpflegung als das klassische Sandwich auf die Schnelle, (das Sie in unserem Kiosk im Freien genie\u00dfen k\u00f6nnen), wo auch lokale Spezialit\u00e4ten aus Karnien mit einem Men\u00fc &#8220;\u00e0 la carte&#8221; serviert werden. Im Restaurant wird das Abendessen f\u00fcr G\u00e4ste mit Halbpension serviert. In unserer Speisekarte k\u00f6nnen Sie die typischen lokalen Gerichte aus Karnien mit wohlschmeckenden und gehaltvollen Zutaten finden, wie die &#8220;cjarsons&#8221;, &#8220;orzotto con radik di mont&#8221;, Polenta und Frico, Wild, Pilze, K\u00e4se und Salami der Gegend, die alle von ausgezeichneten Weinen aus dem Friaul begleitet werden k\u00f6nnen. Um auch die traditionellsten Geschmacksrichtungen und die der Kinder zufrieden zustellen, die wir stets ber\u00fccksichtigen, finden sich in unsere Speisekarte auch die klassischen Gerichte der italienischen K\u00fcche. Im Restaurant Cocul k\u00f6nnen wichtige Ereignisse, wie Geburtstage, Jubil\u00e4en, klassische Abendessen mit Freunden einmal auf eine andere Art gefeiert werden oder man entscheidet sich dazu bei einem fantastischen Abendessen mit mehreren G\u00e4ngen bei uns Sylvester zu verbringen. Also z\u00f6gern Sie nicht, rufen Sie uns an und buchen. Wir freuen uns, Sie bei uns als G\u00e4ste begr\u00fc\u00dfen zu d\u00fcrfen und [&hellip;]<\/p>\n","protected":false},"author":1,"featured_media":0,"parent":0,"menu_order":0,"comment_status":"closed","ping_status":"closed","template":"page-fullwidth.php","meta":[],"_links":{"self":[{"href":"https:\/\/www.cocul.it\/de\/wp-json\/wp\/v2\/pages\/846"}],"collection":[{"href":"https:\/\/www.cocul.it\/de\/wp-json\/wp\/v2\/pages"}],"about":[{"href":"https:\/\/www.cocul.it\/de\/wp-json\/wp\/v2\/types\/page"}],"author":[{"embeddable":true,"href":"https:\/\/www.cocul.it\/de\/wp-json\/wp\/v2\/users\/1"}],"replies":[{"embeddable":true,"href":"https:\/\/www.cocul.it\/de\/wp-json\/wp\/v2\/comments?post=846"}],"version-history":[{"count":7,"href":"https:\/\/www.cocul.it\/de\/wp-json\/wp\/v2\/pages\/846\/revisions"}],"predecessor-version":[{"id":1151,"href":"https:\/\/www.cocul.it\/de\/wp-json\/wp\/v2\/pages\/846\/revisions\/1151"}],"wp:attachment":[{"href":"https:\/\/www.cocul.it\/de\/wp-json\/wp\/v2\/media?parent=846"}],"curies":[{"name":"wp","href":"https:\/\/api.w.org\/{rel}","templated":true}]}}