{"id":848,"date":"2015-02-18T16:45:01","date_gmt":"2015-02-18T16:45:01","guid":{"rendered":"http:\/\/www.cocul.it\/prezzi-2\/"},"modified":"2015-10-28T07:48:35","modified_gmt":"2015-10-28T07:48:35","slug":"preise","status":"publish","type":"page","link":"https:\/\/www.cocul.it\/de\/preise\/","title":{"rendered":"Preise"},"content":{"rendered":"<h2>Winter \u2013 Hochsaison<\/h2>\n<h5>vom 26.12.2015 bis 06.01.2016*<\/h5>\n<p>Bed&amp;Breakfast: \u20ac 55,00<br \/>\nHalbpension: \u20ac 70,00<br \/>\nErm\u00e4\u00dfigungen f\u00fcr Kinder je nach Alter:\u00a0 -100% bis zu 3 Jahren; -50% von 3 bis 6 Jahren; -20% von 6 bis 12 Jahren.<\/p>\n<h2>Winter \u2013 Nebensaison<\/h2>\n<h5>vom 07.01.2016 bis Ende der Saison*<\/h5>\n<p>Bed&amp;Breakfast: \u20ac 40,00<br \/>\nHalbpension: \u20ac 55,00<br \/>\nErm\u00e4\u00dfigungen f\u00fcr Kinder je nach Alter: -100% bis zu 3 Jahren; -50% von 3 bis 6 Jahren; -20% von 6 bis 12 Jahren.<\/p>\n<h2>Fr\u00fchling \u2013 Sommer 2016*<\/h2>\n<p>Bed&amp;Breakfast: \u20ac 35,00<br \/>\nHalbpension: \u20ac 45,00<br \/>\nErm\u00e4\u00dfigungen f\u00fcr Kinder je nach Alter: -100% bis zu 3 Jahren; -50% von 3 bis 6 Jahren; -20% von 6 bis 12 Jahren.<\/p>\n<p>&nbsp;<\/p>\n<p>Kontaktieren Sie uns telefonisch (+39 0433 775233) oder per <a href=\"mailto:info@cocul.it\" target=\"_blank\">E-mail<\/a> f\u00fcr Last-Minute-Angebote.<\/p>\n<p>* Die Preise gelten pro Person und Nacht<\/p>\n","protected":false},"excerpt":{"rendered":"<p>Winter \u2013 Hochsaison vom 26.12.2015 bis 06.01.2016* Bed&amp;Breakfast: \u20ac 55,00 Halbpension: \u20ac 70,00 Erm\u00e4\u00dfigungen f\u00fcr Kinder je nach Alter:\u00a0 -100% bis zu 3 Jahren; -50% von 3 bis 6 Jahren; -20% von 6 bis 12 Jahren. Winter \u2013 Nebensaison vom 07.01.2016 bis Ende der Saison* Bed&amp;Breakfast: \u20ac 40,00 Halbpension: \u20ac 55,00 Erm\u00e4\u00dfigungen f\u00fcr Kinder je nach Alter: -100% bis zu 3 Jahren; -50% von 3 bis 6 Jahren; -20% von 6 bis 12 Jahren. Fr\u00fchling \u2013 Sommer 2016* Bed&amp;Breakfast: \u20ac 35,00 Halbpension: \u20ac 45,00 Erm\u00e4\u00dfigungen f\u00fcr Kinder je nach Alter: -100% bis zu 3 Jahren; -50% von 3 bis 6 Jahren; -20% von 6 bis 12 Jahren. &nbsp; Kontaktieren Sie uns telefonisch (+39 0433 775233) oder per E-mail f\u00fcr Last-Minute-Angebote. * Die Preise gelten pro Person und Nacht<\/p>\n","protected":false},"author":1,"featured_media":0,"parent":0,"menu_order":0,"comment_status":"closed","ping_status":"closed","template":"page-fullwidth.php","meta":[],"_links":{"self":[{"href":"https:\/\/www.cocul.it\/de\/wp-json\/wp\/v2\/pages\/848"}],"collection":[{"href":"https:\/\/www.cocul.it\/de\/wp-json\/wp\/v2\/pages"}],"about":[{"href":"https:\/\/www.cocul.it\/de\/wp-json\/wp\/v2\/types\/page"}],"author":[{"embeddable":true,"href":"https:\/\/www.cocul.it\/de\/wp-json\/wp\/v2\/users\/1"}],"replies":[{"embeddable":true,"href":"https:\/\/www.cocul.it\/de\/wp-json\/wp\/v2\/comments?post=848"}],"version-history":[{"count":2,"href":"https:\/\/www.cocul.it\/de\/wp-json\/wp\/v2\/pages\/848\/revisions"}],"predecessor-version":[{"id":1190,"href":"https:\/\/www.cocul.it\/de\/wp-json\/wp\/v2\/pages\/848\/revisions\/1190"}],"wp:attachment":[{"href":"https:\/\/www.cocul.it\/de\/wp-json\/wp\/v2\/media?parent=848"}],"curies":[{"name":"wp","href":"https:\/\/api.w.org\/{rel}","templated":true}]}}