{"id":852,"date":"2015-02-18T16:41:09","date_gmt":"2015-02-18T16:41:09","guid":{"rendered":"http:\/\/www.cocul.it\/albergo-sulle-piste-da-sci-2\/"},"modified":"2015-04-01T16:03:58","modified_gmt":"2015-04-01T16:03:58","slug":"hotel-cocul-im-winter","status":"publish","type":"page","link":"https:\/\/www.cocul.it\/de\/hotel-cocul-im-winter\/","title":{"rendered":"Hotel Cocul im Winter"},"content":{"rendered":"<p><img loading=\"lazy\" class=\"alignnone wp-image-1109 size-full\" src=\"http:\/\/www.cocul.it\/wp-content\/uploads\/2015\/02\/inverno_testata_cocul.jpg\" alt=\"inverno_testata_cocul\" width=\"1224\" height=\"415\" srcset=\"https:\/\/www.cocul.it\/wp-content\/uploads\/2015\/02\/inverno_testata_cocul.jpg 1224w, https:\/\/www.cocul.it\/wp-content\/uploads\/2015\/02\/inverno_testata_cocul-300x102.jpg 300w, https:\/\/www.cocul.it\/wp-content\/uploads\/2015\/02\/inverno_testata_cocul-1024x347.jpg 1024w\" sizes=\"(max-width: 1224px) 100vw, 1224px\" \/><\/p>\n<p>Das Hotel Restaurant Cocul <strong>liegt direkt an den Skipisten<\/strong>, nur 500 Meter vom Parkplatz entfernt, in nur 10 Minuten zu Fu\u00df erreichbar, mit einem direkt vom Hotel angeboten kostenlosen <strong>Schneemobil-Service<\/strong>. Das Hotel liegt an den H\u00e4ngen des Skigebietes des Monte Zoncolan, am Schnittpunkt der Pisten &#8220;Zoncolan 3&#8221; und &#8220;Zoncolan 4&#8221;, <strong>auch f\u00fcr Anf\u00e4nger geeignet<\/strong>. Zu den n\u00e4chsten Skiliftanlagen kann man direkt mit den Skiern bzw. zu Fu\u00df gelangen, von wo aus dann alle anderen Pisten erreichbar sind, die sich aufgrund ihrer unterschiedlichen Eigenschaften sowohl f\u00fcr Anf\u00e4nger als auch f\u00fcr Fortgeschrittene eignen.<br \/>\nDas Hotel verf\u00fcgt \u00fcber <strong>8 Zimmer<\/strong> darunter Doppel-, Dreibett- und Vierbettzimmer, die alle W\u00fcnsche erf\u00fcllen. Das <strong>Bed&amp;breakfast Angebot beinhaltet ein Fr\u00fchst\u00fccksbuffet<\/strong>, w\u00e4hrend Sie mit der <strong>Halbpension<\/strong> auch in den Genuss der gro\u00dfen Auswahl unseres Restaurants mit seinen traditionellen lokalen Spezialit\u00e4ten aus Karnien wie auch der internationale K\u00fcche, kommen.<\/p>\n<p><img loading=\"lazy\" class=\"alignleft wp-image-641 size-full\" src=\"http:\/\/www.cocul.it\/wp-content\/uploads\/2015\/02\/storia-e1424509446434.jpg\" alt=\"\" width=\"250\" height=\"250\" \/>Im Hotel Restaurant Cocul k\u00f6nnen Sie <strong>Geburtstage<\/strong> und <strong>Abschl\u00fcsse<\/strong>, <strong>Taufen<\/strong>, <strong>Kommunionen<\/strong>, <strong>Hochzeiten feiern<\/strong>. Denn hier bieten Sie Ihren G\u00e4sten ein einzigartiges gastronomische Erlebnis als auch der \u00dcbernachtung. Kontaktieren Sie uns f\u00fcr ein individuelles Angebot.<br \/>\nSchon immer geh\u00f6rt es der <strong>Familie Nodale<\/strong>. Das Cocul ist die erste Bergh\u00fctte, die in den 60er Jahren am Monte Zoncolan entstanden ist und es hat sich zum Treffpunkt f\u00fcr Fans der Berge und des Skifahren entwickelt. Erst k\u00fcrzlich wurde es komplett renoviert und seit der Wintersaison 2007-2008 ist es auch ein Hotel.<\/p>\n<p>&nbsp;<\/p>\n<p>&nbsp;<\/p>\n\r\n\t\t<style type='text\/css'>\r\n\t\t\t#gallery-1 {\r\n\t\t\t\tmargin: auto;\r\n\t\t\t}\r\n\t\t\t#gallery-1 .gallery-item {\r\n\t\t\t\tfloat: left;\r\n\t\t\t\tmargin-top: 10px;\r\n\t\t\t\ttext-align: center;\r\n\t\t\t\twidth: 16%;\r\n\t\t\t}\r\n\t\t\t#gallery-1 img {\r\n\t\t\t\tborder: 2px solid #cfcfcf;\r\n\t\t\t}\r\n\t\t\t#gallery-1 .gallery-caption {\r\n\t\t\t\tmargin-left: 0;\r\n\t\t\t}\r\n\t\t<\/style>\r\n\t\t<!-- see gallery_shortcode() in wp-includes\/media.php -->\n\t\t<div id='gallery-1' class='gallery galleryid-852 gallery-columns-6 gallery-size-medium gallery1'><script type=\"text\/javascript\">\r\n\/\/ <![CDATA[\r\n\tjQuery(document).ready(function () {\r\n\t\tjQuery(\".gallery1 a\").attr(\"rel\",\"gallery1\");\t\r\n\t\tjQuery('a[rel=\"gallery1\"]').colorbox({maxWidth:\"95%\", maxHeight:\"95%\",title: function(){ return jQuery(this).children().attr(\"alt\"); }});\r\n\t});\r\n\/\/ ]]>\r\n<\/script>\n<dl class=\"gallery-item\">\n<dt class=\"gallery-icon\">\r\n<a href=\"https:\/\/www.cocul.it\/wp-content\/uploads\/2015\/02\/cocul-inverno_12.jpg\" title=\"\" rel=\"gallery1\"><img src=\"https:\/\/www.cocul.it\/wp-content\/uploads\/2015\/02\/cocul-inverno_12-300x199.jpg\" width=\"300\" height=\"199\" alt=\"\" \/><\/a>\r\n<\/dt><\/dl><dl class=\"gallery-item\">\n<dt class=\"gallery-icon\">\r\n<a href=\"https:\/\/www.cocul.it\/wp-content\/uploads\/2015\/02\/cocul-inverno_71.jpg\" title=\"\" rel=\"gallery1\"><img src=\"https:\/\/www.cocul.it\/wp-content\/uploads\/2015\/02\/cocul-inverno_71-300x199.jpg\" width=\"300\" height=\"199\" alt=\"\" \/><\/a>\r\n<\/dt><\/dl><dl class=\"gallery-item\">\n<dt class=\"gallery-icon\">\r\n<a href=\"https:\/\/www.cocul.it\/wp-content\/uploads\/2015\/02\/cocul-inverno_13.jpg\" title=\"\" rel=\"gallery1\"><img src=\"https:\/\/www.cocul.it\/wp-content\/uploads\/2015\/02\/cocul-inverno_13-300x199.jpg\" width=\"300\" height=\"199\" alt=\"\" \/><\/a>\r\n<\/dt><\/dl><dl class=\"gallery-item\">\n<dt class=\"gallery-icon\">\r\n<a href=\"https:\/\/www.cocul.it\/wp-content\/uploads\/2015\/02\/cocul-inverno_6.jpg\" title=\"\" rel=\"gallery1\"><img src=\"https:\/\/www.cocul.it\/wp-content\/uploads\/2015\/02\/cocul-inverno_6-300x199.jpg\" width=\"300\" height=\"199\" alt=\"\" \/><\/a>\r\n<\/dt><\/dl><dl class=\"gallery-item\">\n<dt class=\"gallery-icon\">\r\n<a href=\"https:\/\/www.cocul.it\/wp-content\/uploads\/2015\/02\/cocul-inverno_5.jpg\" title=\"\" rel=\"gallery1\"><img src=\"https:\/\/www.cocul.it\/wp-content\/uploads\/2015\/02\/cocul-inverno_5-300x199.jpg\" width=\"300\" height=\"199\" alt=\"\" \/><\/a>\r\n<\/dt><\/dl><dl class=\"gallery-item\">\n<dt class=\"gallery-icon\">\r\n<a href=\"https:\/\/www.cocul.it\/wp-content\/uploads\/2015\/02\/cocul-inverno_3.jpg\" title=\"\" rel=\"gallery1\"><img src=\"https:\/\/www.cocul.it\/wp-content\/uploads\/2015\/02\/cocul-inverno_3-300x199.jpg\" width=\"300\" height=\"199\" alt=\"\" \/><\/a>\r\n<\/dt><\/dl><br style=\"clear: both\" \/><dl class=\"gallery-item\">\n<dt class=\"gallery-icon\">\r\n<a href=\"https:\/\/www.cocul.it\/wp-content\/uploads\/2015\/02\/cocul-inverno_4.jpg\" title=\"\" rel=\"gallery1\"><img src=\"https:\/\/www.cocul.it\/wp-content\/uploads\/2015\/02\/cocul-inverno_4-300x199.jpg\" width=\"300\" height=\"199\" alt=\"\" \/><\/a>\r\n<\/dt><\/dl><dl class=\"gallery-item\">\n<dt class=\"gallery-icon\">\r\n<a href=\"https:\/\/www.cocul.it\/wp-content\/uploads\/2015\/02\/cocul-inverno_81.jpg\" title=\"\" rel=\"gallery1\"><img src=\"https:\/\/www.cocul.it\/wp-content\/uploads\/2015\/02\/cocul-inverno_81-300x199.jpg\" width=\"300\" height=\"199\" alt=\"\" \/><\/a>\r\n<\/dt><\/dl><dl class=\"gallery-item\">\n<dt class=\"gallery-icon\">\r\n<a href=\"https:\/\/www.cocul.it\/wp-content\/uploads\/2015\/02\/cocul-inverno_9.jpg\" title=\"\" rel=\"gallery1\"><img src=\"https:\/\/www.cocul.it\/wp-content\/uploads\/2015\/02\/cocul-inverno_9-300x199.jpg\" width=\"300\" height=\"199\" alt=\"\" \/><\/a>\r\n<\/dt><\/dl><dl class=\"gallery-item\">\n<dt class=\"gallery-icon\">\r\n<a href=\"https:\/\/www.cocul.it\/wp-content\/uploads\/2015\/02\/cocul-inverno_11.jpg\" title=\"\" rel=\"gallery1\"><img src=\"https:\/\/www.cocul.it\/wp-content\/uploads\/2015\/02\/cocul-inverno_11-300x199.jpg\" width=\"300\" height=\"199\" alt=\"\" \/><\/a>\r\n<\/dt><\/dl><dl class=\"gallery-item\">\n<dt class=\"gallery-icon\">\r\n<a href=\"https:\/\/www.cocul.it\/wp-content\/uploads\/2015\/02\/cocul-inverno_2.jpg\" title=\"\" rel=\"gallery1\"><img src=\"https:\/\/www.cocul.it\/wp-content\/uploads\/2015\/02\/cocul-inverno_2-300x199.jpg\" width=\"300\" height=\"199\" alt=\"\" \/><\/a>\r\n<\/dt><\/dl><dl class=\"gallery-item\">\n<dt class=\"gallery-icon\">\r\n<a href=\"https:\/\/www.cocul.it\/wp-content\/uploads\/2015\/02\/ski-room-cocul_1.jpg\" title=\"\" rel=\"gallery1\"><img src=\"https:\/\/www.cocul.it\/wp-content\/uploads\/2015\/02\/ski-room-cocul_1-300x199.jpg\" width=\"300\" height=\"199\" alt=\"\" \/><\/a>\r\n<\/dt><\/dl><br style=\"clear: both\" \/><dl class=\"gallery-item\">\n<dt class=\"gallery-icon\">\r\n<a href=\"https:\/\/www.cocul.it\/wp-content\/uploads\/2015\/02\/cocul-inverno_101.jpg\" title=\"\" rel=\"gallery1\"><img src=\"https:\/\/www.cocul.it\/wp-content\/uploads\/2015\/02\/cocul-inverno_101-300x199.jpg\" width=\"300\" height=\"199\" alt=\"\" \/><\/a>\r\n<\/dt><\/dl><dl class=\"gallery-item\">\n<dt class=\"gallery-icon\">\r\n<a href=\"https:\/\/www.cocul.it\/wp-content\/uploads\/2015\/02\/colazione_cocul_1.jpg\" title=\"\" rel=\"gallery1\"><img src=\"https:\/\/www.cocul.it\/wp-content\/uploads\/2015\/02\/colazione_cocul_1-300x199.jpg\" width=\"300\" height=\"199\" alt=\"\" \/><\/a>\r\n<\/dt><\/dl><dl class=\"gallery-item\">\n<dt class=\"gallery-icon\">\r\n<a href=\"https:\/\/www.cocul.it\/wp-content\/uploads\/2015\/02\/colazione_cocul_3.jpg\" title=\"\" rel=\"gallery1\"><img src=\"https:\/\/www.cocul.it\/wp-content\/uploads\/2015\/02\/colazione_cocul_3-300x199.jpg\" width=\"300\" height=\"199\" alt=\"\" \/><\/a>\r\n<\/dt><\/dl><dl class=\"gallery-item\">\n<dt class=\"gallery-icon\">\r\n<a href=\"https:\/\/www.cocul.it\/wp-content\/uploads\/2015\/02\/colazione_cocul_4.jpg\" title=\"\" rel=\"gallery1\"><img src=\"https:\/\/www.cocul.it\/wp-content\/uploads\/2015\/02\/colazione_cocul_4-300x199.jpg\" width=\"300\" height=\"199\" alt=\"\" \/><\/a>\r\n<\/dt><\/dl><dl class=\"gallery-item\">\n<dt class=\"gallery-icon\">\r\n<a href=\"https:\/\/www.cocul.it\/wp-content\/uploads\/2015\/02\/colazione_cocul_5.jpg\" title=\"\" rel=\"gallery1\"><img src=\"https:\/\/www.cocul.it\/wp-content\/uploads\/2015\/02\/colazione_cocul_5-300x199.jpg\" width=\"300\" height=\"199\" alt=\"\" \/><\/a>\r\n<\/dt><\/dl><dl class=\"gallery-item\">\n<dt class=\"gallery-icon\">\r\n<a href=\"https:\/\/www.cocul.it\/wp-content\/uploads\/2015\/02\/colazione_cocul_7.jpg\" title=\"\" rel=\"gallery1\"><img src=\"https:\/\/www.cocul.it\/wp-content\/uploads\/2015\/02\/colazione_cocul_7-300x199.jpg\" width=\"300\" height=\"199\" alt=\"\" \/><\/a>\r\n<\/dt><\/dl><br style=\"clear: both\" \/>\r\n\t\t<\/div>\n\n<p>&nbsp;<\/p>\n","protected":false},"excerpt":{"rendered":"<p>Das Hotel Restaurant Cocul liegt direkt an den Skipisten, nur 500 Meter vom Parkplatz entfernt, in nur 10 Minuten zu Fu\u00df erreichbar, mit einem direkt vom Hotel angeboten kostenlosen Schneemobil-Service. Das Hotel liegt an den H\u00e4ngen des Skigebietes des Monte Zoncolan, am Schnittpunkt der Pisten &#8220;Zoncolan 3&#8221; und &#8220;Zoncolan 4&#8221;, auch f\u00fcr Anf\u00e4nger geeignet. Zu den n\u00e4chsten Skiliftanlagen kann man direkt mit den Skiern bzw. zu Fu\u00df gelangen, von wo aus dann alle anderen Pisten erreichbar sind, die sich aufgrund ihrer unterschiedlichen Eigenschaften sowohl f\u00fcr Anf\u00e4nger als auch f\u00fcr Fortgeschrittene eignen. Das Hotel verf\u00fcgt \u00fcber 8 Zimmer darunter Doppel-, Dreibett- und Vierbettzimmer, die alle W\u00fcnsche erf\u00fcllen. Das Bed&amp;breakfast Angebot beinhaltet ein Fr\u00fchst\u00fccksbuffet, w\u00e4hrend Sie mit der Halbpension auch in den Genuss der gro\u00dfen Auswahl unseres Restaurants mit seinen traditionellen lokalen Spezialit\u00e4ten aus Karnien wie auch der internationale K\u00fcche, kommen. Im Hotel Restaurant Cocul k\u00f6nnen Sie Geburtstage und Abschl\u00fcsse, Taufen, Kommunionen, Hochzeiten feiern. Denn hier bieten Sie Ihren G\u00e4sten ein einzigartiges gastronomische Erlebnis als auch der \u00dcbernachtung. Kontaktieren Sie uns f\u00fcr ein individuelles Angebot. Schon immer geh\u00f6rt es der Familie Nodale. Das Cocul ist die erste Bergh\u00fctte, die in den 60er Jahren am Monte Zoncolan entstanden ist und es hat sich [&hellip;]<\/p>\n","protected":false},"author":1,"featured_media":0,"parent":0,"menu_order":0,"comment_status":"closed","ping_status":"closed","template":"page-fullwidth.php","meta":[],"_links":{"self":[{"href":"https:\/\/www.cocul.it\/de\/wp-json\/wp\/v2\/pages\/852"}],"collection":[{"href":"https:\/\/www.cocul.it\/de\/wp-json\/wp\/v2\/pages"}],"about":[{"href":"https:\/\/www.cocul.it\/de\/wp-json\/wp\/v2\/types\/page"}],"author":[{"embeddable":true,"href":"https:\/\/www.cocul.it\/de\/wp-json\/wp\/v2\/users\/1"}],"replies":[{"embeddable":true,"href":"https:\/\/www.cocul.it\/de\/wp-json\/wp\/v2\/comments?post=852"}],"version-history":[{"count":6,"href":"https:\/\/www.cocul.it\/de\/wp-json\/wp\/v2\/pages\/852\/revisions"}],"predecessor-version":[{"id":1169,"href":"https:\/\/www.cocul.it\/de\/wp-json\/wp\/v2\/pages\/852\/revisions\/1169"}],"wp:attachment":[{"href":"https:\/\/www.cocul.it\/de\/wp-json\/wp\/v2\/media?parent=852"}],"curies":[{"name":"wp","href":"https:\/\/api.w.org\/{rel}","templated":true}]}}