{"id":887,"date":"2015-02-18T17:25:16","date_gmt":"2015-02-18T17:25:16","guid":{"rendered":"http:\/\/www.cocul.it\/albergo-zoncolan-in-estate-2\/"},"modified":"2015-04-01T16:05:32","modified_gmt":"2015-04-01T16:05:32","slug":"hotel-cocul-im-sommer","status":"publish","type":"page","link":"https:\/\/www.cocul.it\/de\/hotel-cocul-im-sommer\/","title":{"rendered":"Hotel Cocul im Sommer"},"content":{"rendered":"<p><img loading=\"lazy\" class=\"alignnone wp-image-1108 size-full\" src=\"http:\/\/www.cocul.it\/wp-content\/uploads\/2015\/02\/estate_testata_cocul.jpg\" alt=\"estate_testata_cocul\" width=\"1224\" height=\"415\" srcset=\"https:\/\/www.cocul.it\/wp-content\/uploads\/2015\/02\/estate_testata_cocul.jpg 1224w, https:\/\/www.cocul.it\/wp-content\/uploads\/2015\/02\/estate_testata_cocul-300x102.jpg 300w, https:\/\/www.cocul.it\/wp-content\/uploads\/2015\/02\/estate_testata_cocul-1024x347.jpg 1024w\" sizes=\"(max-width: 1224px) 100vw, 1224px\" \/><\/p>\n<p>Im Fr\u00fchjahr und Sommer ist das Hotel Restaurant Cocul mit dem Auto erreichbar; es verf\u00fcgt \u00fcber gen\u00fcgend Parkpl\u00e4tze, sowie \u00fcber einen Spielplatz f\u00fcr Kinder. Von hier aus kann man herrliche Wanderungen starten, zwischen W\u00e4ldern und Natur eingebettet, auf der Suche nach Pilzen, wilden Heidelbeeren und Himbeeren, Radicchio und Spargel aus den Bergen,\u00a0 sowie einer Vielzahl von Blumen. Mit dem Auto, Motorrad, Fahrrad oder zu Fu\u00df k\u00f6nnen Sie die nahe gelegenen H\u00fctten erreichen, wo Sie echte und urspr\u00fcngliche Milchprodukte genie\u00dfen k\u00f6nnen.<\/p>\n<p>Im Hotel Restaurant Cocul k\u00f6nnen Sie <strong>Geburtstage<\/strong> und <strong>Abschl\u00fcsse<\/strong>, <strong>Taufen<\/strong>, <strong>Kommunionen<\/strong>, <strong>Hochzeiten<\/strong> feiern. Hier bieten Sie Ihren G\u00e4sten ein einzigartiges gastronomische Erlebnis als auch der \u00dcbernachtung. Kontaktieren Sie uns f\u00fcr ein individuelles Angebot.<\/p>\n<p><img loading=\"lazy\" class=\" wp-image-666 size-full alignleft\" src=\"http:\/\/www.cocul.it\/wp-content\/uploads\/2015\/02\/albergo-estate-giochi-e1424510900430.jpg\" alt=\"\" width=\"333\" height=\"250\" \/>F\u00fcr Fahrradfans ist m\u00f6glich zwei der legend\u00e4rsten Anstiege des Giro d&#8217;Italia abzufahren; Dar\u00fcber hinaus k\u00f6nnen auch gef\u00fchrte Touren mit einem Begleiter und\u00a0 nationalen Mountainbike-Trainer organisiert werden, um die vielen unbefestigten Stra\u00dfen, Schotterwege und Pfade, die Anfang des letzten Jahrhunderts f\u00fcr milit\u00e4rische Operationen und f\u00fcr die Pflege und Erschlie\u00dfung der W\u00e4lder gebaut wurden, zu entdecken.<br \/>\nIn den Sommermonaten gibt es in der Gegend viele sportliche, kulturelle, folkloristische und kulinarische Veranstaltungen, die dazu beitragen, das Gebiet, seine Geschichte und seine Traditionen zu entdecken.<\/p>\n<p>&nbsp;<\/p>\n<p>&nbsp;<\/p>\n\r\n\t\t<style type='text\/css'>\r\n\t\t\t#gallery-1 {\r\n\t\t\t\tmargin: auto;\r\n\t\t\t}\r\n\t\t\t#gallery-1 .gallery-item {\r\n\t\t\t\tfloat: left;\r\n\t\t\t\tmargin-top: 10px;\r\n\t\t\t\ttext-align: center;\r\n\t\t\t\twidth: 16%;\r\n\t\t\t}\r\n\t\t\t#gallery-1 img {\r\n\t\t\t\tborder: 2px solid #cfcfcf;\r\n\t\t\t}\r\n\t\t\t#gallery-1 .gallery-caption {\r\n\t\t\t\tmargin-left: 0;\r\n\t\t\t}\r\n\t\t<\/style>\r\n\t\t<!-- see gallery_shortcode() in wp-includes\/media.php -->\n\t\t<div id='gallery-1' class='gallery galleryid-887 gallery-columns-6 gallery-size-medium gallery1'><script type=\"text\/javascript\">\r\n\/\/ <![CDATA[\r\n\tjQuery(document).ready(function () {\r\n\t\tjQuery(\".gallery1 a\").attr(\"rel\",\"gallery1\");\t\r\n\t\tjQuery('a[rel=\"gallery1\"]').colorbox({maxWidth:\"95%\", maxHeight:\"95%\",title: function(){ return jQuery(this).children().attr(\"alt\"); }});\r\n\t});\r\n\/\/ ]]>\r\n<\/script>\n<dl class=\"gallery-item\">\n<dt class=\"gallery-icon\">\r\n<a href=\"https:\/\/www.cocul.it\/wp-content\/uploads\/2015\/02\/cocul-estate_11.jpg\" title=\"\" rel=\"gallery1\"><img src=\"https:\/\/www.cocul.it\/wp-content\/uploads\/2015\/02\/cocul-estate_11-300x199.jpg\" width=\"300\" height=\"199\" alt=\"\" \/><\/a>\r\n<\/dt><\/dl><dl class=\"gallery-item\">\n<dt class=\"gallery-icon\">\r\n<a href=\"https:\/\/www.cocul.it\/wp-content\/uploads\/2015\/02\/cocul-estate_2.jpg\" title=\"\" rel=\"gallery1\"><img src=\"https:\/\/www.cocul.it\/wp-content\/uploads\/2015\/02\/cocul-estate_2-300x199.jpg\" width=\"300\" height=\"199\" alt=\"\" \/><\/a>\r\n<\/dt><\/dl><dl class=\"gallery-item\">\n<dt class=\"gallery-icon\">\r\n<a href=\"https:\/\/www.cocul.it\/wp-content\/uploads\/2015\/02\/cocul-estate_31.jpg\" title=\"\" rel=\"gallery1\"><img src=\"https:\/\/www.cocul.it\/wp-content\/uploads\/2015\/02\/cocul-estate_31-300x199.jpg\" width=\"300\" height=\"199\" alt=\"\" \/><\/a>\r\n<\/dt><\/dl><dl class=\"gallery-item\">\n<dt class=\"gallery-icon\">\r\n<a href=\"https:\/\/www.cocul.it\/wp-content\/uploads\/2015\/02\/cocul-estate_41.jpg\" title=\"\" rel=\"gallery1\"><img src=\"https:\/\/www.cocul.it\/wp-content\/uploads\/2015\/02\/cocul-estate_41-300x199.jpg\" width=\"300\" height=\"199\" alt=\"\" \/><\/a>\r\n<\/dt><\/dl><dl class=\"gallery-item\">\n<dt class=\"gallery-icon\">\r\n<a href=\"https:\/\/www.cocul.it\/wp-content\/uploads\/2015\/02\/cocul-estate_51.jpg\" title=\"\" rel=\"gallery1\"><img src=\"https:\/\/www.cocul.it\/wp-content\/uploads\/2015\/02\/cocul-estate_51-300x199.jpg\" width=\"300\" height=\"199\" alt=\"\" \/><\/a>\r\n<\/dt><\/dl><dl class=\"gallery-item\">\n<dt class=\"gallery-icon\">\r\n<a href=\"https:\/\/www.cocul.it\/wp-content\/uploads\/2015\/02\/cocul-estate_61.jpg\" title=\"\" rel=\"gallery1\"><img src=\"https:\/\/www.cocul.it\/wp-content\/uploads\/2015\/02\/cocul-estate_61-300x199.jpg\" width=\"300\" height=\"199\" alt=\"\" \/><\/a>\r\n<\/dt><\/dl><br style=\"clear: both\" \/><dl class=\"gallery-item\">\n<dt class=\"gallery-icon\">\r\n<a href=\"https:\/\/www.cocul.it\/wp-content\/uploads\/2015\/02\/cocul-estate_7.jpg\" title=\"\" rel=\"gallery1\"><img src=\"https:\/\/www.cocul.it\/wp-content\/uploads\/2015\/02\/cocul-estate_7-300x199.jpg\" width=\"300\" height=\"199\" alt=\"\" \/><\/a>\r\n<\/dt><\/dl><dl class=\"gallery-item\">\n<dt class=\"gallery-icon\">\r\n<a href=\"https:\/\/www.cocul.it\/wp-content\/uploads\/2015\/02\/cocul-estate_81.jpg\" title=\"\" rel=\"gallery1\"><img src=\"https:\/\/www.cocul.it\/wp-content\/uploads\/2015\/02\/cocul-estate_81-300x199.jpg\" width=\"300\" height=\"199\" alt=\"\" \/><\/a>\r\n<\/dt><\/dl>\r\n\t\t\t<br style='clear: both' \/>\r\n\t\t<\/div>\n\n","protected":false},"excerpt":{"rendered":"<p>Im Fr\u00fchjahr und Sommer ist das Hotel Restaurant Cocul mit dem Auto erreichbar; es verf\u00fcgt \u00fcber gen\u00fcgend Parkpl\u00e4tze, sowie \u00fcber einen Spielplatz f\u00fcr Kinder. Von hier aus kann man herrliche Wanderungen starten, zwischen W\u00e4ldern und Natur eingebettet, auf der Suche nach Pilzen, wilden Heidelbeeren und Himbeeren, Radicchio und Spargel aus den Bergen,\u00a0 sowie einer Vielzahl von Blumen. Mit dem Auto, Motorrad, Fahrrad oder zu Fu\u00df k\u00f6nnen Sie die nahe gelegenen H\u00fctten erreichen, wo Sie echte und urspr\u00fcngliche Milchprodukte genie\u00dfen k\u00f6nnen. Im Hotel Restaurant Cocul k\u00f6nnen Sie Geburtstage und Abschl\u00fcsse, Taufen, Kommunionen, Hochzeiten feiern. Hier bieten Sie Ihren G\u00e4sten ein einzigartiges gastronomische Erlebnis als auch der \u00dcbernachtung. Kontaktieren Sie uns f\u00fcr ein individuelles Angebot. F\u00fcr Fahrradfans ist m\u00f6glich zwei der legend\u00e4rsten Anstiege des Giro d&#8217;Italia abzufahren; Dar\u00fcber hinaus k\u00f6nnen auch gef\u00fchrte Touren mit einem Begleiter und\u00a0 nationalen Mountainbike-Trainer organisiert werden, um die vielen unbefestigten Stra\u00dfen, Schotterwege und Pfade, die Anfang des letzten Jahrhunderts f\u00fcr milit\u00e4rische Operationen und f\u00fcr die Pflege und Erschlie\u00dfung der W\u00e4lder gebaut wurden, zu entdecken. In den Sommermonaten gibt es in der Gegend viele sportliche, kulturelle, folkloristische und kulinarische Veranstaltungen, die dazu beitragen, das Gebiet, seine Geschichte und seine Traditionen zu entdecken. &nbsp; &nbsp;<\/p>\n","protected":false},"author":1,"featured_media":0,"parent":0,"menu_order":0,"comment_status":"closed","ping_status":"closed","template":"page-fullwidth.php","meta":[],"_links":{"self":[{"href":"https:\/\/www.cocul.it\/de\/wp-json\/wp\/v2\/pages\/887"}],"collection":[{"href":"https:\/\/www.cocul.it\/de\/wp-json\/wp\/v2\/pages"}],"about":[{"href":"https:\/\/www.cocul.it\/de\/wp-json\/wp\/v2\/types\/page"}],"author":[{"embeddable":true,"href":"https:\/\/www.cocul.it\/de\/wp-json\/wp\/v2\/users\/1"}],"replies":[{"embeddable":true,"href":"https:\/\/www.cocul.it\/de\/wp-json\/wp\/v2\/comments?post=887"}],"version-history":[{"count":5,"href":"https:\/\/www.cocul.it\/de\/wp-json\/wp\/v2\/pages\/887\/revisions"}],"predecessor-version":[{"id":1172,"href":"https:\/\/www.cocul.it\/de\/wp-json\/wp\/v2\/pages\/887\/revisions\/1172"}],"wp:attachment":[{"href":"https:\/\/www.cocul.it\/de\/wp-json\/wp\/v2\/media?parent=887"}],"curies":[{"name":"wp","href":"https:\/\/api.w.org\/{rel}","templated":true}]}}