{"id":897,"date":"2015-02-18T16:44:31","date_gmt":"2015-02-18T16:44:31","guid":{"rendered":"http:\/\/www.cocul.it\/il-chiosco-2\/"},"modified":"2015-04-01T15:41:55","modified_gmt":"2015-04-01T15:41:55","slug":"kiosk","status":"publish","type":"page","link":"https:\/\/www.cocul.it\/de\/kiosk\/","title":{"rendered":"Kiosk"},"content":{"rendered":"<p><a href=\"http:\/\/www.cocul.it\/wp-content\/uploads\/2015\/02\/chiosco_testata_cocul.jpg\"><img loading=\"lazy\" class=\"alignnone size-full wp-image-1107\" src=\"http:\/\/www.cocul.it\/wp-content\/uploads\/2015\/02\/chiosco_testata_cocul.jpg\" alt=\"chiosco_testata_cocul\" width=\"1224\" height=\"415\" srcset=\"https:\/\/www.cocul.it\/wp-content\/uploads\/2015\/02\/chiosco_testata_cocul.jpg 1224w, https:\/\/www.cocul.it\/wp-content\/uploads\/2015\/02\/chiosco_testata_cocul-300x102.jpg 300w, https:\/\/www.cocul.it\/wp-content\/uploads\/2015\/02\/chiosco_testata_cocul-1024x347.jpg 1024w\" sizes=\"(max-width: 1224px) 100vw, 1224px\" \/><\/a><\/p>\n<p>Lust auf ein <strong>Sandwich<\/strong> mit <strong>Wurst<\/strong> und <strong>Zwiebeln<\/strong> und ein <strong>Bier<\/strong> w\u00e4hrend des Skifahrens? \u2026am Kiosk!<br \/>\nOder m\u00f6gen Sie lieber ein <strong>Sandwich<\/strong> mit <strong>Schweinebraten<\/strong> oder mit W\u00fcrstchen? \u2026am Kiosk!<br \/>\nWollen Sie alles in <strong>Senf<\/strong>, <strong>Ketchup<\/strong>, <strong>Mayonnaise<\/strong>, oder in allen drei zusammen ertr\u00e4nken?\u00a0 \u2026am Kiosk!<br \/>\nKein <strong>Bier<\/strong>, weil es treibt und dann noch Ski und Auto fahren? Alkoholfreie Getr\u00e4nke, <strong>Wasser<\/strong>, Schnee, das alles gibt es am Kiosk!<\/p>\n<p><img loading=\"lazy\" class=\"alignleft wp-image-644 size-full\" src=\"http:\/\/www.cocul.it\/wp-content\/uploads\/2015\/02\/chiosco_2-e1424509260575.jpg\" alt=\"\" width=\"250\" height=\"250\" \/><strong>Sie kommen auf Skiern<\/strong> bis zum Tisch und befinden sich am Schnittpunkt von Piste 3 und 4. Es gibt auch Strecken, die Kinder benutzen k\u00f6nnen, die zum ersten Mal Skifahren. Dar\u00fcberhinaus haben Sie ein gro\u00dfartiges Panorama, das Sie nicht mehr so leicht vergessen werden. Alle hei\u00dfen Getr\u00e4nke werden von der Bar im Hotel serviert, die sich gegen\u00fcber dem Kiosk und den Tischen befindet.<br \/>\nVerbringen Sie Ihre Pause hier, entspannen Sie sich, tanken Sie neue Energie und dann geht es wieder ab auf die Piste.<br \/>\n<strong>Wir erwarten Sie am Kiosk<\/strong>.<\/p>\n<p>&nbsp;<\/p>\n<p>&nbsp;<\/p>\n\r\n\t\t<style type='text\/css'>\r\n\t\t\t#gallery-1 {\r\n\t\t\t\tmargin: auto;\r\n\t\t\t}\r\n\t\t\t#gallery-1 .gallery-item {\r\n\t\t\t\tfloat: left;\r\n\t\t\t\tmargin-top: 10px;\r\n\t\t\t\ttext-align: center;\r\n\t\t\t\twidth: 20%;\r\n\t\t\t}\r\n\t\t\t#gallery-1 img {\r\n\t\t\t\tborder: 2px solid #cfcfcf;\r\n\t\t\t}\r\n\t\t\t#gallery-1 .gallery-caption {\r\n\t\t\t\tmargin-left: 0;\r\n\t\t\t}\r\n\t\t<\/style>\r\n\t\t<!-- see gallery_shortcode() in wp-includes\/media.php -->\n\t\t<div id='gallery-1' class='gallery galleryid-897 gallery-columns-5 gallery-size-medium gallery1'><script type=\"text\/javascript\">\r\n\/\/ <![CDATA[\r\n\tjQuery(document).ready(function () {\r\n\t\tjQuery(\".gallery1 a\").attr(\"rel\",\"gallery1\");\t\r\n\t\tjQuery('a[rel=\"gallery1\"]').colorbox({maxWidth:\"95%\", maxHeight:\"95%\",title: function(){ return jQuery(this).children().attr(\"alt\"); }});\r\n\t});\r\n\/\/ ]]>\r\n<\/script>\n<dl class=\"gallery-item\">\n<dt class=\"gallery-icon\">\r\n<a href=\"https:\/\/www.cocul.it\/wp-content\/uploads\/2015\/02\/chiosco_cocul_31.jpg\" title=\"\" rel=\"gallery1\"><img src=\"https:\/\/www.cocul.it\/wp-content\/uploads\/2015\/02\/chiosco_cocul_31-300x199.jpg\" width=\"300\" height=\"199\" alt=\"\" \/><\/a>\r\n<\/dt><\/dl><dl class=\"gallery-item\">\n<dt class=\"gallery-icon\">\r\n<a href=\"https:\/\/www.cocul.it\/wp-content\/uploads\/2015\/02\/chiosco_cocul_4.jpg\" title=\"\" rel=\"gallery1\"><img src=\"https:\/\/www.cocul.it\/wp-content\/uploads\/2015\/02\/chiosco_cocul_4-300x199.jpg\" width=\"300\" height=\"199\" alt=\"\" \/><\/a>\r\n<\/dt><\/dl><dl class=\"gallery-item\">\n<dt class=\"gallery-icon\">\r\n<a href=\"https:\/\/www.cocul.it\/wp-content\/uploads\/2015\/02\/chiosco_cocul_11.jpg\" title=\"\" rel=\"gallery1\"><img src=\"https:\/\/www.cocul.it\/wp-content\/uploads\/2015\/02\/chiosco_cocul_11-300x199.jpg\" width=\"300\" height=\"199\" alt=\"\" \/><\/a>\r\n<\/dt><\/dl><dl class=\"gallery-item\">\n<dt class=\"gallery-icon\">\r\n<a href=\"https:\/\/www.cocul.it\/wp-content\/uploads\/2015\/02\/chiosco_cocul_5.jpg\" title=\"\" rel=\"gallery1\"><img src=\"https:\/\/www.cocul.it\/wp-content\/uploads\/2015\/02\/chiosco_cocul_5-300x199.jpg\" width=\"300\" height=\"199\" alt=\"\" \/><\/a>\r\n<\/dt><\/dl><dl class=\"gallery-item\">\n<dt class=\"gallery-icon\">\r\n<a href=\"https:\/\/www.cocul.it\/wp-content\/uploads\/2015\/02\/chiosco_cocul_2.jpg\" title=\"\" rel=\"gallery1\"><img src=\"https:\/\/www.cocul.it\/wp-content\/uploads\/2015\/02\/chiosco_cocul_2-300x199.jpg\" width=\"300\" height=\"199\" alt=\"\" \/><\/a>\r\n<\/dt><\/dl><br style=\"clear: both\" \/>\r\n\t\t<\/div>\n\n","protected":false},"excerpt":{"rendered":"<p>Lust auf ein Sandwich mit Wurst und Zwiebeln und ein Bier w\u00e4hrend des Skifahrens? \u2026am Kiosk! Oder m\u00f6gen Sie lieber ein Sandwich mit Schweinebraten oder mit W\u00fcrstchen? \u2026am Kiosk! Wollen Sie alles in Senf, Ketchup, Mayonnaise, oder in allen drei zusammen ertr\u00e4nken?\u00a0 \u2026am Kiosk! Kein Bier, weil es treibt und dann noch Ski und Auto fahren? Alkoholfreie Getr\u00e4nke, Wasser, Schnee, das alles gibt es am Kiosk! Sie kommen auf Skiern bis zum Tisch und befinden sich am Schnittpunkt von Piste 3 und 4. Es gibt auch Strecken, die Kinder benutzen k\u00f6nnen, die zum ersten Mal Skifahren. Dar\u00fcberhinaus haben Sie ein gro\u00dfartiges Panorama, das Sie nicht mehr so leicht vergessen werden. Alle hei\u00dfen Getr\u00e4nke werden von der Bar im Hotel serviert, die sich gegen\u00fcber dem Kiosk und den Tischen befindet. Verbringen Sie Ihre Pause hier, entspannen Sie sich, tanken Sie neue Energie und dann geht es wieder ab auf die Piste. Wir erwarten Sie am Kiosk. &nbsp; &nbsp;<\/p>\n","protected":false},"author":1,"featured_media":0,"parent":0,"menu_order":0,"comment_status":"closed","ping_status":"closed","template":"page-fullwidth.php","meta":[],"_links":{"self":[{"href":"https:\/\/www.cocul.it\/de\/wp-json\/wp\/v2\/pages\/897"}],"collection":[{"href":"https:\/\/www.cocul.it\/de\/wp-json\/wp\/v2\/pages"}],"about":[{"href":"https:\/\/www.cocul.it\/de\/wp-json\/wp\/v2\/types\/page"}],"author":[{"embeddable":true,"href":"https:\/\/www.cocul.it\/de\/wp-json\/wp\/v2\/users\/1"}],"replies":[{"embeddable":true,"href":"https:\/\/www.cocul.it\/de\/wp-json\/wp\/v2\/comments?post=897"}],"version-history":[{"count":4,"href":"https:\/\/www.cocul.it\/de\/wp-json\/wp\/v2\/pages\/897\/revisions"}],"predecessor-version":[{"id":1156,"href":"https:\/\/www.cocul.it\/de\/wp-json\/wp\/v2\/pages\/897\/revisions\/1156"}],"wp:attachment":[{"href":"https:\/\/www.cocul.it\/de\/wp-json\/wp\/v2\/media?parent=897"}],"curies":[{"name":"wp","href":"https:\/\/api.w.org\/{rel}","templated":true}]}}