{"id":1033,"date":"2015-03-23T16:36:54","date_gmt":"2015-03-23T16:36:54","guid":{"rendered":"http:\/\/www.cocul.it\/privacy-2\/"},"modified":"2015-03-23T16:39:03","modified_gmt":"2015-03-23T16:39:03","slug":"privacy","status":"publish","type":"page","link":"https:\/\/www.cocul.it\/en\/privacy\/","title":{"rendered":"Privacy"},"content":{"rendered":"<p><b>Informativa ai sensi dell&#8217;art. 13 del D.Lgs. 196\/03 Codice in materia di protezione dei dati personali<\/b><\/p>\n<p>I Suoi dati personali saranno trattati nel rispetto della disciplina di legge per l&#8217;evasione degli ordini, l&#8217;erogazione dei servizi per i quali \u00e8 prevista la registrazione e per gli altri scopi indicati nella presente informativa; il trattamento sar\u00e0 improntato ai principi di correttezza, liceit\u00e0 e trasparenza e di tutela della Sua riservatezza. Le modalit\u00e0 del trattamento prevedono l&#8217;utilizzo di strumenti manuali, informatici e telematici (ivi compresi telefax, telefono, anche senza assistenza di operatore, posta elettronica, SMS ed altri sistemi informatici e\/o automatizzati di comunicazione) e sono comunque tali da assicurare la sicurezza e riservatezza dei dati stessi.<br \/>\nIl titolare del trattamento \u00e8 la societ\u00e0:<\/p>\n<div><strong>Albergo Ristorante Al Cocul<\/strong><br \/>\n<strong>Strada monte Zoncolan<\/strong><br \/>\n<strong>33020 Sutrio (Ud)<\/strong><\/div>\n<p>Il responsabile del trattamento ai sensi dell&#8217;art.29 D.Lgs.196\/03 potr\u00e0 essere contattato al seguente indirizzo di posta elettronica: info@cocul.it.<\/p>\n<p>Ai sensi dell&#8217;art.7 D.Lgs.196\/03:<\/p>\n<p>1. L&#8217;interessato ha diritto di ottenere la conferma dell&#8217;esistenza o meno di dati personali che lo riguardano, anche se non ancora registrati, e la loro comunicazione in forma intelligibile.<\/p>\n<p>2. L&#8217;interessato ha diritto di ottenere l&#8217;indicazione:<br \/>\na) dell&#8217;origine dei dati personali<br \/>\nb) delle finalit\u00e0 e modalit\u00e0 del trattamento;<br \/>\nc) della logica applicata in caso di trattamento effettuato con l&#8217;ausilio di strumenti elettronici;<br \/>\nd) degli estremi identificativi del titolare, dei responsabili e del rappresentante designato ai sensi dell&#8217;articolo 5, comma 2;<br \/>\ne) dei soggetti o delle categorie di soggetti ai quali i dati personali possono essere comunicati o che possono venirne a conoscenza in qualit\u00e0 di rappresentante designato nel territorio dello Stato, di responsabili o incaricati.<\/p>\n<p>3. L&#8217;interessato ha diritto di ottenere:<br \/>\na) l&#8217;aggiornamento, la rettificazione ovvero, quando vi ha interesse, l&#8217;integrazione dei dati;<br \/>\nb) la cancellazione, la trasformazione in forma anonima o il blocco dei dati trattati in violazione di legge, compresi quelli di cui non \u00e8 necessaria la conservazione in relazione agli scopi per i quali i dati sono stati raccolti o successivamente trattati;<br \/>\nc) l&#8217;attestazione che le operazioni di cui alle lettere a) e b) sono state portate a conoscenza, anche per quanto riguarda il loro contenuto, di coloro ai quali i dati sono stati comunicati o diffusi, eccettuato il caso in cui tale adempimento si rivela impossibile o comporta un impiego di mezzi manifestamente sproporzionato rispetto al diritto tutelato.<\/p>\n<p>4. L&#8217;interessato ha diritto di opporsi, in tutto o in parte:<br \/>\na) per motivi legittimi al trattamento dei dati personali che lo riguardano, ancorch\u00e9 pertinenti allo scopo della raccolta;<br \/>\nb) al trattamento di dati personali che lo riguardano a fini di invio di materiale pubblicitario o di vendita diretta o per il compimento di ricerche di mercato o di comunicazione commerciale.<br \/>\nLei potr\u00e0 esercitare i Suoi diritti sopra indicati nonch\u00e8 chiedere qualsiasi informazione in merito alla nostra policy di tutela dei dati personali inviando una comunicazione all&#8217;indirizzo sopra indicato o inviando una e-mail a: info@cocul.it.<br \/>\nIl mancato conferimento dei dati personali segnalati come obbligatori render\u00e0 impossibile l&#8217;esecuzione dell&#8217;eventuale ordine mentre il mancato conferimento di quelli non contrassegnati come obbligatori non ha conseguenze ai fini dell&#8217;esecuzione dell&#8217;ordine.<\/p>\n<p>Previo Suo consenso, l&#8217;Albergo Ristorante Al Cocul potr\u00e0 trattare i Suoi dati personali per l&#8217;erogazione dei servizi per i quali \u00e8 prevista la registrazione nonch\u00e8 per finalit\u00e0 commerciali quali la segnalazione di offerte, promozioni o iniziative commerciali di qualsiasi genere avviate da essa o da altri operatori. In tali casi il conferimento dei dati non \u00e8 obbligatorio e non incide sulla conclusione ed esecuzione dell&#8217;eventuale ordine.<\/p>\n","protected":false},"excerpt":{"rendered":"<p>Informativa ai sensi dell&#8217;art. 13 del D.Lgs. 196\/03 Codice in materia di protezione dei dati personali I Suoi dati personali saranno trattati nel rispetto della disciplina di legge per l&#8217;evasione degli ordini, l&#8217;erogazione dei servizi per i quali \u00e8 prevista la registrazione e per gli altri scopi indicati nella presente informativa; il trattamento sar\u00e0 improntato ai principi di correttezza, liceit\u00e0 e trasparenza e di tutela della Sua riservatezza. Le modalit\u00e0 del trattamento prevedono l&#8217;utilizzo di strumenti manuali, informatici e telematici (ivi compresi telefax, telefono, anche senza assistenza di operatore, posta elettronica, SMS ed altri sistemi informatici e\/o automatizzati di comunicazione) e sono comunque tali da assicurare la sicurezza e riservatezza dei dati stessi. Il titolare del trattamento \u00e8 la societ\u00e0: Albergo Ristorante Al Cocul Strada monte Zoncolan 33020 Sutrio (Ud) Il responsabile del trattamento ai sensi dell&#8217;art.29 D.Lgs.196\/03 potr\u00e0 essere contattato al seguente indirizzo di posta elettronica: info@cocul.it. Ai sensi dell&#8217;art.7 D.Lgs.196\/03: 1. L&#8217;interessato ha diritto di ottenere la conferma dell&#8217;esistenza o meno di dati personali che lo riguardano, anche se non ancora registrati, e la loro comunicazione in forma intelligibile. 2. L&#8217;interessato ha diritto di ottenere l&#8217;indicazione: a) dell&#8217;origine dei dati personali b) delle finalit\u00e0 e modalit\u00e0 del trattamento; [&hellip;]<\/p>\n","protected":false},"author":1,"featured_media":0,"parent":0,"menu_order":0,"comment_status":"closed","ping_status":"closed","template":"","meta":[],"_links":{"self":[{"href":"https:\/\/www.cocul.it\/en\/wp-json\/wp\/v2\/pages\/1033"}],"collection":[{"href":"https:\/\/www.cocul.it\/en\/wp-json\/wp\/v2\/pages"}],"about":[{"href":"https:\/\/www.cocul.it\/en\/wp-json\/wp\/v2\/types\/page"}],"author":[{"embeddable":true,"href":"https:\/\/www.cocul.it\/en\/wp-json\/wp\/v2\/users\/1"}],"replies":[{"embeddable":true,"href":"https:\/\/www.cocul.it\/en\/wp-json\/wp\/v2\/comments?post=1033"}],"version-history":[{"count":1,"href":"https:\/\/www.cocul.it\/en\/wp-json\/wp\/v2\/pages\/1033\/revisions"}],"predecessor-version":[{"id":1036,"href":"https:\/\/www.cocul.it\/en\/wp-json\/wp\/v2\/pages\/1033\/revisions\/1036"}],"wp:attachment":[{"href":"https:\/\/www.cocul.it\/en\/wp-json\/wp\/v2\/media?parent=1033"}],"curies":[{"name":"wp","href":"https:\/\/api.w.org\/{rel}","templated":true}]}}